{"id":11710,"date":"2024-04-02T23:04:49","date_gmt":"2024-04-02T23:04:49","guid":{"rendered":"https:\/\/mercuraparfums.com\/?post_type=product&#038;p=11710"},"modified":"2025-10-12T13:43:13","modified_gmt":"2025-10-12T13:43:13","slug":"rubi-trophy","status":"publish","type":"product","link":"https:\/\/mercuraparfums.com\/en\/product\/rubi-trophy\/","title":{"rendered":"Rubi trophy"},"content":{"rendered":"","protected":false},"excerpt":{"rendered":"<p>50 Ml<\/p>\n<p>\u2013 Note de t\u00eate: Hesp\u00e9rid\u00e9, citron vert<\/p>\n<p>\u2013 Note de c\u0153ur: rose, fleur d\u2019oranger, violette, muguet, jasmin, Iris, framboise, coco, p\u00e8che, poire<\/p>\n<p>\u2013 Note de fond: bois\u00e9, oud, patchouli, c\u00e8dre, santal, bois de gayac, v\u00e9tiver , Ambre, musc, doux, animalic<\/p>","protected":false},"featured_media":11723,"comment_status":"open","ping_status":"closed","template":"","meta":[],"product_cat":[89],"product_tag":[],"class_list":{"0":"post-11710","1":"product","2":"type-product","3":"status-publish","4":"has-post-thumbnail","6":"product_cat-parfums","9":"first","10":"instock","11":"shipping-taxable","12":"purchasable","13":"product-type-simple"},"jetpack_sharing_enabled":true,"_links":{"self":[{"href":"https:\/\/mercuraparfums.com\/en\/wp-json\/wp\/v2\/product\/11710","targetHints":{"allow":["GET"]}}],"collection":[{"href":"https:\/\/mercuraparfums.com\/en\/wp-json\/wp\/v2\/product"}],"about":[{"href":"https:\/\/mercuraparfums.com\/en\/wp-json\/wp\/v2\/types\/product"}],"replies":[{"embeddable":true,"href":"https:\/\/mercuraparfums.com\/en\/wp-json\/wp\/v2\/comments?post=11710"}],"wp:featuredmedia":[{"embeddable":true,"href":"https:\/\/mercuraparfums.com\/en\/wp-json\/wp\/v2\/media\/11723"}],"wp:attachment":[{"href":"https:\/\/mercuraparfums.com\/en\/wp-json\/wp\/v2\/media?parent=11710"}],"wp:term":[{"taxonomy":"product_cat","embeddable":true,"href":"https:\/\/mercuraparfums.com\/en\/wp-json\/wp\/v2\/product_cat?post=11710"},{"taxonomy":"product_tag","embeddable":true,"href":"https:\/\/mercuraparfums.com\/en\/wp-json\/wp\/v2\/product_tag?post=11710"}],"curies":[{"name":"wp","href":"https:\/\/api.w.org\/{rel}","templated":true}]}}