{"id":11702,"date":"2024-04-02T22:55:14","date_gmt":"2024-04-02T22:55:14","guid":{"rendered":"https:\/\/mercuraparfums.com\/?post_type=product&#038;p=11702"},"modified":"2025-10-06T09:55:12","modified_gmt":"2025-10-06T09:55:12","slug":"or-di-wood","status":"publish","type":"product","link":"https:\/\/mercuraparfums.com\/en\/product\/or-di-wood\/","title":{"rendered":"Or di wood"},"content":{"rendered":"","protected":false},"excerpt":{"rendered":"<p>50 Ml<\/p>\n<p>\u2013 Note de t\u00eate: hesp\u00e9rid\u00e9, orange, menthe, aromatique<\/p>\n<p>\u2013 Note de c\u0153ur: carotte, musc blanc<\/p>\n<p>\u2013 Note de fond: Ambr\u00e9, musqu\u00e9, doux, vanille<\/p>","protected":false},"featured_media":11725,"comment_status":"open","ping_status":"closed","template":"","meta":[],"product_cat":[89],"product_tag":[],"class_list":{"0":"post-11702","1":"product","2":"type-product","3":"status-publish","4":"has-post-thumbnail","6":"product_cat-parfums","9":"first","10":"instock","11":"shipping-taxable","12":"purchasable","13":"product-type-simple"},"jetpack_sharing_enabled":true,"_links":{"self":[{"href":"https:\/\/mercuraparfums.com\/en\/wp-json\/wp\/v2\/product\/11702","targetHints":{"allow":["GET"]}}],"collection":[{"href":"https:\/\/mercuraparfums.com\/en\/wp-json\/wp\/v2\/product"}],"about":[{"href":"https:\/\/mercuraparfums.com\/en\/wp-json\/wp\/v2\/types\/product"}],"replies":[{"embeddable":true,"href":"https:\/\/mercuraparfums.com\/en\/wp-json\/wp\/v2\/comments?post=11702"}],"wp:featuredmedia":[{"embeddable":true,"href":"https:\/\/mercuraparfums.com\/en\/wp-json\/wp\/v2\/media\/11725"}],"wp:attachment":[{"href":"https:\/\/mercuraparfums.com\/en\/wp-json\/wp\/v2\/media?parent=11702"}],"wp:term":[{"taxonomy":"product_cat","embeddable":true,"href":"https:\/\/mercuraparfums.com\/en\/wp-json\/wp\/v2\/product_cat?post=11702"},{"taxonomy":"product_tag","embeddable":true,"href":"https:\/\/mercuraparfums.com\/en\/wp-json\/wp\/v2\/product_tag?post=11702"}],"curies":[{"name":"wp","href":"https:\/\/api.w.org\/{rel}","templated":true}]}}