{"id":11698,"date":"2024-04-02T22:53:24","date_gmt":"2024-04-02T22:53:24","guid":{"rendered":"https:\/\/mercuraparfums.com\/?post_type=product&#038;p=11698"},"modified":"2025-10-07T11:33:48","modified_gmt":"2025-10-07T11:33:48","slug":"pur-saphir","status":"publish","type":"product","link":"https:\/\/mercuraparfums.com\/en\/product\/pur-saphir\/","title":{"rendered":"Pur Saphir"},"content":{"rendered":"","protected":false},"excerpt":{"rendered":"<p>50 Ml<\/p>\n<p>&#8211; Note de t\u00eate : aldehyd\u00e9, vert,<br \/>\ncitron, anis<\/p>\n<p>&#8211; Note de c\u0153ur : rose, violette, ananas, melon, poire, p\u00eache, coco<\/p>\n<p>&#8211; Note de fond: bois de santal, bois d&rsquo;agar, bois de c\u00e8dre, ambr\u00e9, Musqu\u00e9, doux, vanille<\/p>","protected":false},"featured_media":11731,"comment_status":"open","ping_status":"closed","template":"","meta":[],"product_cat":[89],"product_tag":[],"class_list":{"0":"post-11698","1":"product","2":"type-product","3":"status-publish","4":"has-post-thumbnail","6":"product_cat-parfums","9":"first","10":"instock","11":"shipping-taxable","12":"purchasable","13":"product-type-simple"},"jetpack_sharing_enabled":true,"_links":{"self":[{"href":"https:\/\/mercuraparfums.com\/en\/wp-json\/wp\/v2\/product\/11698","targetHints":{"allow":["GET"]}}],"collection":[{"href":"https:\/\/mercuraparfums.com\/en\/wp-json\/wp\/v2\/product"}],"about":[{"href":"https:\/\/mercuraparfums.com\/en\/wp-json\/wp\/v2\/types\/product"}],"replies":[{"embeddable":true,"href":"https:\/\/mercuraparfums.com\/en\/wp-json\/wp\/v2\/comments?post=11698"}],"wp:featuredmedia":[{"embeddable":true,"href":"https:\/\/mercuraparfums.com\/en\/wp-json\/wp\/v2\/media\/11731"}],"wp:attachment":[{"href":"https:\/\/mercuraparfums.com\/en\/wp-json\/wp\/v2\/media?parent=11698"}],"wp:term":[{"taxonomy":"product_cat","embeddable":true,"href":"https:\/\/mercuraparfums.com\/en\/wp-json\/wp\/v2\/product_cat?post=11698"},{"taxonomy":"product_tag","embeddable":true,"href":"https:\/\/mercuraparfums.com\/en\/wp-json\/wp\/v2\/product_tag?post=11698"}],"curies":[{"name":"wp","href":"https:\/\/api.w.org\/{rel}","templated":true}]}}