{"id":211,"date":"2020-02-01T12:37:15","date_gmt":"2020-02-01T12:37:15","guid":{"rendered":"http:\/\/template-demos.com\/wp\/WP01\/WP010005\/?page_id=2"},"modified":"2024-07-31T23:05:50","modified_gmt":"2024-07-31T23:05:50","slug":"about-us","status":"publish","type":"page","link":"https:\/\/mercuraparfums.com\/en\/about-us\/","title":{"rendered":"About us"},"content":{"rendered":"<div class=\"vc_row wpb_row vc_row-fluid theme-container vc_custom_1575365121596\"><div class=\"leftimage wpb_column vc_column_container vc_col-sm-6\"><div class=\"vc_column-inner vc_custom_1563348524984\"><div class=\"wpb_wrapper\"><div class=\"vc_row wpb_row vc_inner vc_row-fluid\"><div class=\"wpb_column vc_column_container vc_col-sm-12\"><div class=\"vc_column-inner\"><div class=\"wpb_wrapper\">\n\t<div  class=\"wpb_single_image wpb_content_element vc_align_left\">\n\t\t\n\t\t<figure class=\"wpb_wrapper vc_figure\">\n\t\t\t<div class=\"vc_single_image-wrapper   vc_box_border_grey\"><img loading=\"lazy\" decoding=\"async\" class=\"vc_single_image-img\" src=\"https:\/\/mercuraparfums.com\/wp-content\/uploads\/2024\/04\/Affiche-4-3-WEB-520x520.jpg\" width=\"520\" height=\"520\" alt=\"Affiche-4-3-WEB\" title=\"Affiche-4-3-WEB\" \/><\/div>\n\t\t<\/figure>\n\t<\/div>\n<\/div><\/div><\/div><\/div><\/div><\/div><\/div><div class=\"wpb_column vc_column_container vc_col-sm-6\"><div class=\"vc_column-inner\"><div class=\"wpb_wrapper\"><div class=\"shortcode-title center\"><h1 class=\"small-title\" style=\"color:#000000;\">Mercure Perfumes<\/h1><\/div>\n\t<div class=\"wpb_text_column wpb_content_element  vc_custom_1722467125283\" >\n\t\t<div class=\"wpb_wrapper\">\n\t\t\t<p style=\"text-align: center;\">Travel trains youth, it is said, but it is above all the contact with scents that has awakened my senses and led to my vocation as a purveyor of dreams via perfumes.<br \/>\nWhere can you find a little of the spicy scents of Asia, the woody smells of Africa, the iodized flagrances of Oceania if not in the meticulous manufacture of these elixirs which bring originality, personality and elegance to their holder.<br \/>\nthe perfume bewitches, captivates, attracts attention via the multitude of smells it releases.<br \/>\nLa gamme Mercura incite au voyage, Mercure \u00e9tant le Roi du voyage et du commerce.<br \/>\nEnter the fascinating world of Mercura by discovering the range of five perfumes developed by Oumar ANNE with the advice and know-how of the greatest perfumers to reproduce he scents that accompanied him during his travels around the world.<br \/>\nYou will find the blue of the South Seas in the Mercura Sweet Black and Gris F\u00e9roce bottles, the red of the Arabian Gulf in the Mercura Intense Carmin and Amour Supr\u00eame bottles, the yellow-orange of a sunset over the Bosphorus in the Mercura bottle Golden Oud.<br \/>\nLet yourself be guided and travel with us into the secret world of perfumes.<\/p>\n\n\t\t<\/div>\n\t<\/div>\n<div class=\"vc_row wpb_row vc_inner vc_row-fluid vc_custom_1563274852099\"><div class=\"wpb_column vc_column_container vc_col-sm-12\"><div class=\"vc_column-inner\"><div class=\"wpb_wrapper\">\n<div class=\"vc_grid-container-wrapper vc_clearfix vc_grid-animation-fadeIn\">\n\t<div class=\"vc_grid-container vc_clearfix wpb_content_element vc_media_grid\" data-initial-loading-animation=\"fadeIn\" data-vc-grid-settings=\"{&quot;page_id&quot;:211,&quot;style&quot;:&quot;all&quot;,&quot;action&quot;:&quot;vc_get_vc_grid_data&quot;,&quot;shortcode_id&quot;:&quot;1722467005650-2470590a2693c20b814a837c84741ecc-0&quot;,&quot;tag&quot;:&quot;vc_media_grid&quot;}\" data-vc-request=\"https:\/\/mercuraparfums.com\/wp-admin\/admin-ajax.php\" data-vc-post-id=\"211\" data-vc-public-nonce=\"d8bfd8888c\">\n\t\t\n\t<\/div>\n<\/div><\/div><\/div><\/div><\/div><\/div><\/div><\/div><\/div>","protected":false},"excerpt":{"rendered":"Mercura Parfums Les voyages forment la jeunesse, dit-on, mais c'est surtout le contact avec les senteurs qui ont \u00e9veill\u00e9 mes sens et conduit \u00e0 ma vocation de fournisseur de r\u00eaves via les parfums. Ou retrouver un peu les senteurs \u00e9pic\u00e9es de l'Asie, les odeurs bois\u00e9es de l'Afrique, les flagrances iod\u00e9es de l'Oc\u00e9anie sinon dans la [...]","protected":false},"author":1,"featured_media":0,"parent":0,"menu_order":0,"comment_status":"closed","ping_status":"closed","template":"","meta":{"footnotes":""},"class_list":["post-211","page","type-page","status-publish","hentry"],"jetpack_sharing_enabled":true,"_links":{"self":[{"href":"https:\/\/mercuraparfums.com\/en\/wp-json\/wp\/v2\/pages\/211","targetHints":{"allow":["GET"]}}],"collection":[{"href":"https:\/\/mercuraparfums.com\/en\/wp-json\/wp\/v2\/pages"}],"about":[{"href":"https:\/\/mercuraparfums.com\/en\/wp-json\/wp\/v2\/types\/page"}],"author":[{"embeddable":true,"href":"https:\/\/mercuraparfums.com\/en\/wp-json\/wp\/v2\/users\/1"}],"replies":[{"embeddable":true,"href":"https:\/\/mercuraparfums.com\/en\/wp-json\/wp\/v2\/comments?post=211"}],"version-history":[{"count":33,"href":"https:\/\/mercuraparfums.com\/en\/wp-json\/wp\/v2\/pages\/211\/revisions"}],"predecessor-version":[{"id":12076,"href":"https:\/\/mercuraparfums.com\/en\/wp-json\/wp\/v2\/pages\/211\/revisions\/12076"}],"wp:attachment":[{"href":"https:\/\/mercuraparfums.com\/en\/wp-json\/wp\/v2\/media?parent=211"}],"curies":[{"name":"wp","href":"https:\/\/api.w.org\/{rel}","templated":true}]}}